{"id":8,"date":"2024-02-07T15:08:46","date_gmt":"2024-02-07T15:08:46","guid":{"rendered":"https:\/\/helike-sarl.com\/?page_id=8"},"modified":"2024-02-13T19:56:01","modified_gmt":"2024-02-13T19:56:01","slug":"helike-s-a-r-l","status":"publish","type":"page","link":"https:\/\/helike-sarl.com\/","title":{"rendered":"Helike S.\u00e0.r.l."},"content":{"rendered":"<!-- wp:themify-builder\/canvas \/-->","protected":false},"excerpt":{"rendered":"","protected":false},"author":1,"featured_media":0,"parent":0,"menu_order":0,"comment_status":"closed","ping_status":"closed","template":"","meta":{"footnotes":""},"class_list":["post-8","page","type-page","status-publish","hentry","has-post-title","has-post-date","has-post-category","has-post-tag","has-post-comment","has-post-author",""],"yoast_head":"<!-- This site is optimized with the Yoast SEO plugin v27.4 - https:\/\/yoast.com\/product\/yoast-seo-wordpress\/ -->\n<title>Helike S.\u00e0.r.l. - Helike S.\u00e0.r.l.<\/title>\n<meta name=\"robots\" content=\"index, follow, max-snippet:-1, max-image-preview:large, max-video-preview:-1\" \/>\n<link rel=\"canonical\" href=\"https:\/\/helike-sarl.com\/\" \/>\n<meta property=\"og:locale\" content=\"de_DE\" \/>\n<meta property=\"og:type\" content=\"article\" \/>\n<meta property=\"og:title\" content=\"Helike S.\u00e0.r.l. - Helike S.\u00e0.r.l.\" \/>\n<meta property=\"og:url\" content=\"https:\/\/helike-sarl.com\/\" \/>\n<meta property=\"og:site_name\" content=\"Helike S.\u00e0.r.l.\" \/>\n<meta property=\"article:modified_time\" content=\"2024-02-13T19:56:01+00:00\" \/>\n<meta name=\"twitter:card\" content=\"summary_large_image\" \/>\n<meta name=\"twitter:label1\" content=\"Gesch\u00e4tzte Lesezeit\" \/>\n\t<meta name=\"twitter:data1\" content=\"4\u00a0Minuten\" \/>\n<script type=\"application\/ld+json\" class=\"yoast-schema-graph\">{\"@context\":\"https:\\\/\\\/schema.org\",\"@graph\":[{\"@type\":\"WebPage\",\"@id\":\"https:\\\/\\\/helike-sarl.com\\\/\",\"url\":\"https:\\\/\\\/helike-sarl.com\\\/\",\"name\":\"Helike S.\u00e0.r.l. - Helike S.\u00e0.r.l.\",\"isPartOf\":{\"@id\":\"https:\\\/\\\/helike-sarl.com\\\/#website\"},\"datePublished\":\"2024-02-07T15:08:46+00:00\",\"dateModified\":\"2024-02-13T19:56:01+00:00\",\"breadcrumb\":{\"@id\":\"https:\\\/\\\/helike-sarl.com\\\/#breadcrumb\"},\"inLanguage\":\"de\",\"potentialAction\":[{\"@type\":\"ReadAction\",\"target\":[\"https:\\\/\\\/helike-sarl.com\\\/\"]}]},{\"@type\":\"BreadcrumbList\",\"@id\":\"https:\\\/\\\/helike-sarl.com\\\/#breadcrumb\",\"itemListElement\":[{\"@type\":\"ListItem\",\"position\":1,\"name\":\"Startseite\",\"item\":\"https:\\\/\\\/helike-sarl.com\\\/\"},{\"@type\":\"ListItem\",\"position\":2,\"name\":\"Helike S.\u00e0.r.l.\"}]},{\"@type\":\"WebSite\",\"@id\":\"https:\\\/\\\/helike-sarl.com\\\/#website\",\"url\":\"https:\\\/\\\/helike-sarl.com\\\/\",\"name\":\"Helike S.\u00e0.r.l.\",\"description\":\"\",\"potentialAction\":[{\"@type\":\"SearchAction\",\"target\":{\"@type\":\"EntryPoint\",\"urlTemplate\":\"https:\\\/\\\/helike-sarl.com\\\/?s={search_term_string}\"},\"query-input\":{\"@type\":\"PropertyValueSpecification\",\"valueRequired\":true,\"valueName\":\"search_term_string\"}}],\"inLanguage\":\"de\"}]}<\/script>\n<!-- \/ Yoast SEO plugin. -->","yoast_head_json":{"title":"Helike S.\u00e0.r.l. - Helike S.\u00e0.r.l.","robots":{"index":"index","follow":"follow","max-snippet":"max-snippet:-1","max-image-preview":"max-image-preview:large","max-video-preview":"max-video-preview:-1"},"canonical":"https:\/\/helike-sarl.com\/","og_locale":"de_DE","og_type":"article","og_title":"Helike S.\u00e0.r.l. - Helike S.\u00e0.r.l.","og_url":"https:\/\/helike-sarl.com\/","og_site_name":"Helike S.\u00e0.r.l.","article_modified_time":"2024-02-13T19:56:01+00:00","twitter_card":"summary_large_image","twitter_misc":{"Gesch\u00e4tzte Lesezeit":"4\u00a0Minuten"},"schema":{"@context":"https:\/\/schema.org","@graph":[{"@type":"WebPage","@id":"https:\/\/helike-sarl.com\/","url":"https:\/\/helike-sarl.com\/","name":"Helike S.\u00e0.r.l. - Helike S.\u00e0.r.l.","isPartOf":{"@id":"https:\/\/helike-sarl.com\/#website"},"datePublished":"2024-02-07T15:08:46+00:00","dateModified":"2024-02-13T19:56:01+00:00","breadcrumb":{"@id":"https:\/\/helike-sarl.com\/#breadcrumb"},"inLanguage":"de","potentialAction":[{"@type":"ReadAction","target":["https:\/\/helike-sarl.com\/"]}]},{"@type":"BreadcrumbList","@id":"https:\/\/helike-sarl.com\/#breadcrumb","itemListElement":[{"@type":"ListItem","position":1,"name":"Startseite","item":"https:\/\/helike-sarl.com\/"},{"@type":"ListItem","position":2,"name":"Helike S.\u00e0.r.l."}]},{"@type":"WebSite","@id":"https:\/\/helike-sarl.com\/#website","url":"https:\/\/helike-sarl.com\/","name":"Helike S.\u00e0.r.l.","description":"","potentialAction":[{"@type":"SearchAction","target":{"@type":"EntryPoint","urlTemplate":"https:\/\/helike-sarl.com\/?s={search_term_string}"},"query-input":{"@type":"PropertyValueSpecification","valueRequired":true,"valueName":"search_term_string"}}],"inLanguage":"de"}]}},"builder_content":"<h1 style=\"text-align: center;\">Helike S.\u00e0.r.l.<\/h1> <h3 style=\"text-align: center;\">8, rue Lou Hemmer<br \/>L - 1748 Senningerberg<\/h3>\n<h2>Disclaimer<br\/><\/h2>\n<p style=\"text-align: center;\"><strong>SFDR COMPLIANCE<\/strong><\/p> <p>Pursuant to Regulation (EU) 2019\/2088 of the European Parliament and of the Council of November 27, 2019 on sustainability\u2010related disclosures in the financial services sector (the \u201c<u>SFDR<\/u>\u201d), Helike S.\u00e0 r.l. (\u201c<u>Helike<\/u>\u201d) in its capacity as registered AIFM of Value Quest FII S.C.Sp., a special limited partnership (<em>soci\u00e9t\u00e9 en commandite sp\u00e9ciale<\/em>) organized under the laws of the Grand-Duchy of Luxembourg, registered with the Luxembourg <em>Registre de Commerce et des Soci\u00e9t\u00e9s<\/em> under no. B 243.719, and with registered office at 11, Avenue de la Porte Neuve, L-2227 Luxembourg, (the \u201c<u>Fund<\/u>\u201d) is required to disclose the manner in which Sustainability Risks are integrated into the investment decisions and the results of the assessment of the likely principal adverse impacts of Sustainability Risks on the returns of the Fund.<\/p> <p>\u201c<u>Sustainability Risk<\/u>\u201d is defined as an environmental, social or governance event or condition that, if it occurs, could cause an actual or a potential material negative impact on the value of the investments made by the Fund. \u00a0Such risk is principally linked to climate-related events resulting from climate change (<em>a.k.a.<\/em> physical risks) or to the society\u2019s response to climate change (<em>a.k.a.<\/em> transition risks), which may result in unanticipated losses that could affect the Fund\u2019s investments and financial condition.\u00a0 Social events (<em>e.g.<\/em>, inequality, inclusiveness, labor relations, investment in human capital, accident prevention, changing customer behavior, etc.) or corporate governance shortcomings (<em>e.g.<\/em>, recurrent significant breach of international agreements, bribery issues, products quality and safety, selling practices, etc.) and remuneration policy shortcomings may also translate into Sustainability Risks.<\/p> <p>The impacts following the occurrence of a Sustainability Risk may be manifold and they vary depending on the investment strategy, region, and other factors.\u00a0 Examples of the possible impact of a Sustainability Risk on the results of the Fund include, <em>inter alia<\/em>, changing regulations on energy rules or polluting substances, issues regarding employment conditions.\u00a0 In general, a Sustainability Risk in respect of an asset could result in a negative impact on the return of the asset and\/or its value.\u00a0 Such Sustainability Risks are integrated into the investment decision-making and risk monitoring at the level of the Fund, to the extent that they represent a known potential or actual material risk and\/or opportunity to maximizing the long-term risk-adjusted returns.<\/p> <p>The SFDR additionally requires to disclose whether the Fund promotes \u201cSustainability Factors\u201d, defined as environmental, social and employee matters, respect for human rights, anti\u2010corruption and anti\u2010bribery matters.<\/p> <p>Helike believes that the kind of investments that are pursued by the Fund, especially when investing in growth opportunities, may serve as a powerful catalyst for the pursuit of sustainable goals.\u00a0 Helike also believes that businesses that espouse a responsible investment approach are best placed to reach long-term value creation for all of their stakeholders, achieve superior long-term performance and provide attractive returns for investors.<\/p> <p>Nonetheless, the Fund does not currently take into account the EU criteria for environmentally sustainable economic activities, determined by Regulation (EU) 2020\/852 of the European Parliament and of the Council of June 18, 2020, on the establishment of a framework to facilitate sustainable investment, as amended from time to time.<\/p> <p>Nor does Helike specifically consider the principal adverse impacts of the Fund\u2019s investment decisions on Sustainability Factors (in accordance with article 4(1)b) of the SFDR), as there is no sufficient data available in satisfactory quality in order to adequately assess such potential adverse impact on Sustainability Factors.<\/p> <p>The portfolio companies, in which the Fund invests, may decide to conduct an assessment of the adverse impact of their decisions on Sustainability Factors, in which case that is carried out under their responsibility, including disclosure responsibility.<\/p> <p>While the Fund does not for the time being explicitly promote Sustainability Factors or maximize portfolio alignment with Sustainability Factors, it may remain exposed to Sustainability Risks and, when possible, aim at integrating them into the investment decision-making and risk monitoring.<\/p>","_links":{"self":[{"href":"https:\/\/helike-sarl.com\/index.php?rest_route=\/wp\/v2\/pages\/8","targetHints":{"allow":["GET"]}}],"collection":[{"href":"https:\/\/helike-sarl.com\/index.php?rest_route=\/wp\/v2\/pages"}],"about":[{"href":"https:\/\/helike-sarl.com\/index.php?rest_route=\/wp\/v2\/types\/page"}],"author":[{"embeddable":true,"href":"https:\/\/helike-sarl.com\/index.php?rest_route=\/wp\/v2\/users\/1"}],"replies":[{"embeddable":true,"href":"https:\/\/helike-sarl.com\/index.php?rest_route=%2Fwp%2Fv2%2Fcomments&post=8"}],"version-history":[{"count":21,"href":"https:\/\/helike-sarl.com\/index.php?rest_route=\/wp\/v2\/pages\/8\/revisions"}],"predecessor-version":[{"id":32,"href":"https:\/\/helike-sarl.com\/index.php?rest_route=\/wp\/v2\/pages\/8\/revisions\/32"}],"wp:attachment":[{"href":"https:\/\/helike-sarl.com\/index.php?rest_route=%2Fwp%2Fv2%2Fmedia&parent=8"}],"curies":[{"name":"wp","href":"https:\/\/api.w.org\/{rel}","templated":true}]}}